{"id":607,"date":"2023-01-11T08:39:33","date_gmt":"2023-01-11T08:39:33","guid":{"rendered":"https:\/\/lavocedelpaese.info\/?page_id=607"},"modified":"2023-01-11T08:39:33","modified_gmt":"2023-01-11T08:39:33","slug":"condizioni-duso","status":"publish","type":"page","link":"https:\/\/gioia.lavocedelpaese.info\/index.php\/condizioni-duso\/","title":{"rendered":"Condizioni d&#8217;uso"},"content":{"rendered":"\n<p><strong>Art. 1 &#8211; Oggetto<\/strong><\/p>\n\n\n\n<p>1. Le presenti condizioni generali d&#8217;uso rappresentano l&#8217;accesso e l&#8217;uso del sito La Voce del Paese, acessibile mediante l&#8217;url: lavocedelpaese.info, (d&#8217;ora in avanti il &#8220;titolare&#8221;), sono attivit\u00e0 regolate dalle presenti condizioni generali d&#8217;uso.<\/p>\n\n\n\n<p>2. Il presente sito \u00e8 di propriet\u00e0 di:<\/p>\n\n\n\n<p>Societ\u00e0 Carta Bianca srls<\/p>\n\n\n\n<p>Sede: Vico III Casamassima 10, 70010 &#8211; Turi (BA)<\/p>\n\n\n\n<p>Partita IVA: 08739510728<\/p>\n\n\n\n<p>Iscritta al REA, numero 08739510728<\/p>\n\n\n\n<p>3. L&#8217;accesso al sito e il suo uso, cos\u00ec come l&#8217;acquisto di prodotti in esso presentati, presuppone la lettura, la conoscenza e l&#8217;accettazione di queste condizioni generali d&#8217;uso.<\/p>\n\n\n\n<p><strong>Art. 2 &#8211; Modifiche alle condizioni d&#8217;uso<\/strong><\/p>\n\n\n\n<p>1. Il titolare potr\u00e0 modificare o semplicemente aggiornare, in tutto o in parte, queste condizioni generali d&#8217;uso. Le modifiche e gli aggiornamenti delle condizioni generali d&#8217;uso saranno notificati agli utenti nella Home page non appena adottati e saranno vincolanti non appena pubblicati sul sito web in questa stessa sezione. L&#8217;accesso e l&#8217;utilizzo del sito presuppongono l&#8217;accettazione da parte dell&#8217;utente delle presenti condizioni d&#8217;uso.<\/p>\n\n\n\n<p><strong>Art. 3 &#8211; Propriet\u00e0 intellettuale<\/strong><\/p>\n\n\n\n<p>1. I contenuti presenti sul sito, quali, a titolo esemplificativo, le opere, le immagini, le fotografie, i dialoghi, le musiche, i suoni ed i video, i documenti, i disegni, le figure, i loghi ed ogni altro materiale, in qualsiasi formato, pubblicato sul sito medesimo, compresi i menu, le pagine web, la grafica, i colori, gli schemi, gli strumenti, i caratteri ed il design del sito, i diagrammi, il layouts, i metodi, i processi, le funzioni ed il software che fanno parte del sito, sono protetti dal diritto d&#8217;autore e da ogni altro diritto di propriet\u00e0 intellettuale del titolare o di eventuali terzi dallo stesso contrattualizzati. \u00c8 vietata la riproduzione, in tutto o in parte, in qualsiasi forma, del sito e dei suoi contenuti, senza il consenso espresso in forma scritta del titolare.<\/p>\n\n\n\n<p>2. L&#8217;utente \u00e8 autorizzato unicamente a visualizzare il sito ed i suoi contenuti fruendo dei relativi servizi ivi disponibili. L&#8217;utente \u00e8, inoltre, autorizzato a compiere tutti quegli altri atti di riproduzione temporanei, privi di rilievo economico proprio, che sono considerati transitori o accessori, parte integrante ed essenziale della stessa visualizzazione e fruizione del Sito e dei suoi contenuti e tutte le altre operazioni di navigazione sul Sito che siano eseguite solo per un uso legittimo del medesimo.<\/p>\n\n\n\n<p>3. L&#8217;utente non \u00e8 in alcun modo autorizzato ad eseguire alcuna riproduzione, su qualsiasi supporto, in tutto o in parte del sito e dei suoi contenuti. Qualsiasi atto di riproduzione dovr\u00e0 essere, di volta in volta, autorizzato da La Voce del Paese o, all&#8217;occorrenza, dagli autori delle singole opere contenute nel sito. Tali operazioni di riproduzione dovranno essere comunque eseguite per scopi leciti e nel rispetto del diritto d&#8217;autore e degli altri diritti di propriet\u00e0 intellettuale e degli autori delle singole opere contenute nel sito.<\/p>\n\n\n\n<p><strong>Art. 4 &#8211; Utilizzo del sito e responsabilit\u00e0 dell&#8217;utente<\/strong><\/p>\n\n\n\n<p>1. L&#8217;accesso e l&#8217;uso del sito, la visualizzazione delle pagine web, compresa la comunicazione con il titolare, la possibilit\u00e0 di scaricare informazioni sui prodotti e l&#8217;acquisto degli stessi sul sito web, costituiscono attivit\u00e0 condotte dall&#8217;utente esclusivamente per usi personali estranei a qualsiasi attivit\u00e0 commerciale, imprenditoriale e professionale.<\/p>\n\n\n\n<p>2. L&#8217;utente \u00e8 personalmente responsabile per l&#8217;uso del sito e dei relativi contenuti. Il titolare infatti non potr\u00e0 essere considerato responsabile dell&#8217;uso non conforme alle norme di legge vigenti, del sito web e dei contenuti da parte di ciascuno dei propri utenti, salva la responsabilit\u00e0 per dolo e colpa grave. In particolare, l&#8217;utente sar\u00e0 l&#8217;unico ed il solo unico responsabile per la comunicazione di informazioni e di dati non corretti, falsi o relativi a terzi soggetti, senza che questi abbiano espresso il loro consenso, nonch\u00e9 in considerazione di un uso non corretto degli stessi.<\/p>\n\n\n\n<p>3. Ogni materiale scaricato o altrimenti ottenuto attraverso l&#8217;uso del servizio \u00e8 a scelta e a rischio dell&#8217;utente, pertanto ogni responsabilit\u00e0 per eventuali danni a sistemi di computer o perdite di dati risultanti dalle operazioni di scarico ricade sull&#8217;utente e non potr\u00e0 essere imputata al titolare.<\/p>\n\n\n\n<p>4. Il titolare declina ogni responsabilit\u00e0 per eventuali danni derivanti dall&#8217;inaccessibilit\u00e0 ai servizi presenti sul sito o da eventuali danni causati da virus, file danneggiati, errori, omissioni, interruzioni del servizio, cancellazioni dei contenuti, problemi connessi alla rete, ai provider o a collegamenti telefonici e\/o telematici, ad accessi non autorizzati, ad alterazioni di dati, al mancato e\/o difettoso funzionamento delle apparecchiature elettroniche dell&#8217;utente stesso.<\/p>\n\n\n\n<p>5. L&#8217;utente \u00e8 responsabile della custodia e del corretto utilizzo delle proprie informazioni personali, ivi comprese le credenziali che consentono di accedere ai servizi riservati, nonch\u00e9 di ogni conseguenza dannosa o pregiudizio che dovesse derivare a carico di La Voce del Paese ovvero di terzi a seguito del non corretto utilizzo, dello smarrimento, sottrazione di tali informazioni.6. Il Titolare ha provveduto ad adottare ogni ragionevole accorgimento per evitare che siano pubblicati sul sito contenuti ed immagini che possano essere ritenuti lesivi del decoro, dei diritti umani e della dignit\u00e0 delle persone, in tutte le possibili forme ed espressioni. In ogni caso, qualora i suddetti contenuti siano ritenuti lesivi della sensibilit\u00e0 religiosa o etica o del decoro, l&#8217;utente interessato \u00e8 pregato di comunicare tale condizione al titolare, il quale tuttavia avverte che ogni eventuale accesso ai contenuti considerati lesivi o offensivi avviene da parte dell&#8217;utente a proprio insindacabile giudizio ed a sua esclusiva e personale responsabilit\u00e0.<\/p>\n\n\n\n<p>7. Il Titolare ha inoltre adottato ogni utile precauzione affinch\u00e9 tutte le informazioni presenti sul sito siano corrette, complete ed aggiornate, tuttavia lo stesso non assume nei confronti degli utenti alcuna responsabilit\u00e0 circa l&#8217;accuratezza e la completezza dei contenuti pubblicati sul sito, salvo quanto diversamente previsto dalla legge. Qualora un utente riscontrasse errori o mancati aggiornamenti delle informazioni presenti sul sito \u00e8 pregato di comunicarlo al titolare utilizzando la casella email: <a href=\"mailto:cartabiancasrls@gmail.com\">cartabiancasrls@gmail.com<\/a>.<\/p>\n\n\n\n<p><strong>Art. 5 &#8211; Account personale<\/strong><\/p>\n\n\n\n<p>1. L&#8217;utente avr\u00e0 la possibilit\u00e0 di registrarsi al sito per usufruire dei prodotti e\/o servizi dello stesso. L&#8217;utente avr\u00e0 a disposizione un&#8217;area del sito esclusivamente dedicata allo stesso denominata &#8220;Login&#8221; attraverso cui, potr\u00e0 accedere e potr\u00e0 verificare di volta in volta lo stato dei servizi di cui hai fatto richiesta.<\/p>\n\n\n\n<p>2. Registrandosi al sito, l&#8217;utente dovr\u00e0 fornire un indirizzo e-mail o un username (di seguito la &#8220;id&#8221;) e una password di accesso strettamente personali. Sia l&#8217; id che la password non potranno essere utilizzate da due o pi\u00f9 postazioni contemporaneamente e l&#8217;utente non potr\u00e0 cederle o trasferirle a terzi, se non sotto la sua piena ed esclusiva responsabilit\u00e0. Al riguardo, si ricorda che l&#8217;utente sar\u00e0 ritenuto responsabile nei confronti del titolare e qualsiasi terzo per ogni e qualsiasi azione, transazione e\/o fatto avvenuto e\/o eseguito mediante l&#8217;utilizzo dell&#8217;id e\/o della password inserita.<\/p>\n\n\n\n<p>3. L&#8217;utente \u00e8 obbligato a preservare la riservatezza e segretezza della sua id e della sua password ed \u00e8 tenuto ad informare prontamente il sito di qualsiasi eventuale loro uso non autorizzato o del loro smarrimento, a mezzo email o raccomandata A\/R affinch\u00e9 la stessa possa sospendere l&#8217;erogazione dei propri servizi con riferimento all&#8217;account.<\/p>\n\n\n\n<p>4. Qualora accada che, sia intervenuto un accesso non autorizzato all&#8217;account dell&#8217;utente e\/o lo stesso abbia smarrito la sua ID e\/o la sua Password per pi\u00f9 di tre volte, il sito si riserva la facolt\u00e0 di rimuovere l&#8217;account dell&#8217;utente senza che questi abbia nulla a pretendere nei confronti del titolare.<\/p>\n\n\n\n<p>5. Il titolare non potr\u00e0 essere ritenuto in alcun modo responsabile, direttamente o indirettamente, in qualsiasi forma o sulla base di qualsivoglia regime di responsabilit\u00e0, per lesioni o danni di qualsiasi genere risultanti da, o correlati a, il mancato rispetto da parte dell&#8217;utente delle disposizioni di cui al presente articolo.<\/p>\n\n\n\n<p>6. Il titolare sar\u00e0 libero di inibire l&#8217;accesso di un utente alla propria area clienti e\/o di interrompere l&#8217;operativit\u00e0 dell&#8217;id e\/o della password dello stesso, qualora ritenga che sia intervenuta una sostanziale violazione delle presenti condizioni generali d&#8217; uso ed in particolare di quanto dopo previsto, ovvero qualora l&#8217;utente compia un uso illecito o scorretto dei servizi del sito.<\/p>\n\n\n\n<p>7. L&#8217;utente sar\u00e0 inoltre tenuto a non effettuare n\u00e9 a consentire o permettere a terzi i seguenti comportamenti (non esaustivi e in continuo aggiornamento):<\/p>\n\n\n\n<ul class=\"wp-block-list\">\n<li>il caricamento o la creazione all&#8217;interno dell&#8217;area cliente di qualsiasi dato o contenuto che sia in violazione di qualsivoglia legge, regolamento o diritto di terzi (ivi compresi, tra gli altri, segreti commerciali o dati personali di terzi);<\/li>\n\n\n\n<li>l&#8217;utilizzazione dei servizi della societ\u00e0 per scopi diversi dal mero accesso agli stessi nelle modalit\u00e0 in cui sono forniti dalla stessa;<\/li>\n\n\n\n<li>effettuare azioni di qualunque genere e\/o natura volte ad aggirare, disattivare ovvero interferire in qualsiasi modo con gli applicativi correlati alla sicurezza dei servizi del sito o altri applicativi che prevengano, limitino ovvero restringano l&#8217;utilizzo ovvero la copia di qualsiasi materiale presente sullo stesso;<\/li>\n\n\n\n<li>utilizzazione dei servizi del sito per qualsivoglia scopo illecito o in violazione di qualsiasi normativa applicabile;<\/li>\n\n\n\n<li>interferisca o danneggi i servizi e i sistemi del sito ovvero al loro relativo godimento da parte di qualsivoglia utente, con qualsiasi mezzo, compreso mediante il caricamento di files o comunque disseminando virus, adware, spyware, bachi o altri strumenti elettronici nocivi;<\/li>\n\n\n\n<li>effettui azioni volte ad aggirare strumenti per l&#8217;esclusione di robot o altre misure che il sito possa utilizzare per prevenire accessi non autorizzati ai servizi della stessa.<\/li>\n<\/ul>\n\n\n\n<p><strong>Art. 6 &#8211; Esclusione di responsabilit\u00e0<\/strong><\/p>\n\n\n\n<p>1.Come indicato in precedenza, il titolare svolge con la massima diligenza la cura e il mantenimento del sito e dei suoi contenuti, tuttavia, non si assume alcuna responsabilit\u00e0 per la correttezza, la completezza e la tempestivit\u00e0 dei dati e delle informazioni fornite sul sito o sui siti ad esso collegati. Deve perci\u00f2 escludersi ogni responsabilit\u00e0 per errori od omissioni derivanti dall&#8217;uso dei dati e delle informazioni sul sito.<\/p>\n\n\n\n<p>2. Il titolare declina ogni responsabilit\u00e0, inclusa la presenza di errori, la correzione degli errori, la responsabilit\u00e0 del server ospitante il sito; non \u00e8 altres\u00ec responsabile dell&#8217;uso delle informazioni contenute, della loro correttezza e affidabilit\u00e0. In nessun caso, inclusa la negligenza, il titolare sar\u00e0 responsabile di ogni diretto o indiretto danno che possa risultare dall&#8217;uso, o dalla incapacit\u00e0 di usare, i materiali presenti nel sito.<\/p>\n\n\n\n<p><strong>Art. 7 &#8211; Limitazioni all&#8217;erogazione del servizio<\/strong><\/p>\n\n\n\n<p>1. Il titolare non potr\u00e0 essere ritenuto responsabile dei danni conseguenti alla mancata prestazione del servizio a causa dell&#8217;errato o mancato funzionamento dei mezzi elettronici di comunicazione per cause estranee alla sfera del proprio prevedibile controllo. A titolo esemplificativo, ma non esaustivo, il malfunzionamento dei server ed altri dispositivi elettronici anche non facenti parte integrante della rete Internet, malfunzionamento dei software installati, virus informatici sull&#8217;eventuale presenza di virus o altri componenti informatici nocivi e dannosi, nonch\u00e9 da azioni di hacker o altri utenti aventi accesso alla rete. L&#8217;utente s&#8217;impegna dunque a tenere indenne e manlevare il titolare da qualsiasi responsabilit\u00e0 e\/o richiesta al riguardo.<\/p>\n\n\n\n<p><strong>Art. 8 &#8211; Link di altri siti<\/strong><\/p>\n\n\n\n<p>1. Il sito pu\u00f2 contenere collegamenti ipertestuali ad altri siti web che non hanno nessun collegamento con lo stesso. Il titolare non controlla n\u00e9 monitora di tali siti web e non ne garantisce pertanto in alcun modo i contenuti n\u00e9 la gestione dei dati. L&#8217;utente dovr\u00e0 pertanto leggere attentamente le condizioni d&#8217;uso dei siti terzi visitati e le relative privacy policy, in quanto le presenti condizioni d&#8217;uso e la privacy policy si riferiscono unicamente al presente sito.<\/p>\n\n\n\n<p><strong><br>Art.9 &#8211; Link in altre pagine web<\/strong><\/p>\n\n\n\n<p>1. Il presente sito pu\u00f2 essere raggiunto anche attraverso siti terzi dove sar\u00e0 presente un link o banner per accedere al sito.<\/p>\n\n\n\n<p>2. L&#8217;attivazione di link su siti terzi verso il presente sito \u00e8 possibile solamente previo consenso ed autorizzazione del titolare, che potr\u00e0 essere richiesta contattando lo stesso all&#8217;indirizzo summenzionato, ovvero scrivendo all&#8217;indirizzo email: <a href=\"mailto:cartabiancasrls@gmail.com\">cartabiancasrls@gmail.com<\/a>.<\/p>\n\n\n\n<p>3. L&#8217;attivazione di link non autorizzati legittimer\u00e0 il titolare ad agire per l&#8217;immediata disattivazione dei link illegittimi e per l&#8217;eventuale riconoscimento della relativa pratica commerciale o concorrenza sleale ovvero azione a discapito del buon nome e della rinomanza del titolare, dei suoi servizi e delle societ\u00e0 del medesimo gruppo. \u00c8 in ogni caso vietata l&#8217;attivazione di collegamenti ipertestuali profondi (quali deep frames o deep links) al Sito ovvero l&#8217;uso non autorizzato di meta-tags.<\/p>\n\n\n\n<p><strong>Art. 10 &#8211; Contatti<\/strong><\/p>\n\n\n\n<p>1. Ogni richiesta di informazione potr\u00e0 essere inviata via mail al seguente indirizzo <a href=\"mailto:cartabiancasrls@gmail.com\">cartabiancasrls@gmail.com<\/a> e via posta al seguente indirizzo: Vico III Casamassima 10, 70010 &#8211; Turi (BA).<\/p>\n\n\n\n<p>Le presenti condizioni sono state redatte in data 01\/01\/2023.<\/p>\n","protected":false},"excerpt":{"rendered":"<p>Art. 1 &#8211; Oggetto 1. Le presenti condizioni generali d&#8217;uso rappresentano l&#8217;accesso e l&#8217;uso del sito La Voce del Paese,<\/p>\n","protected":false},"author":1,"featured_media":0,"parent":0,"menu_order":0,"comment_status":"closed","ping_status":"closed","template":"","meta":{"colormag_page_container_layout":"default_layout","colormag_page_sidebar_layout":"default_layout","_monsterinsights_skip_tracking":false,"_monsterinsights_sitenote_active":false,"_monsterinsights_sitenote_note":"","_monsterinsights_sitenote_category":0,"footnotes":""},"class_list":["post-607","page","type-page","status-publish","hentry"],"_links":{"self":[{"href":"https:\/\/gioia.lavocedelpaese.info\/index.php\/wp-json\/wp\/v2\/pages\/607","targetHints":{"allow":["GET"]}}],"collection":[{"href":"https:\/\/gioia.lavocedelpaese.info\/index.php\/wp-json\/wp\/v2\/pages"}],"about":[{"href":"https:\/\/gioia.lavocedelpaese.info\/index.php\/wp-json\/wp\/v2\/types\/page"}],"author":[{"embeddable":true,"href":"https:\/\/gioia.lavocedelpaese.info\/index.php\/wp-json\/wp\/v2\/users\/1"}],"replies":[{"embeddable":true,"href":"https:\/\/gioia.lavocedelpaese.info\/index.php\/wp-json\/wp\/v2\/comments?post=607"}],"version-history":[{"count":1,"href":"https:\/\/gioia.lavocedelpaese.info\/index.php\/wp-json\/wp\/v2\/pages\/607\/revisions"}],"predecessor-version":[{"id":608,"href":"https:\/\/gioia.lavocedelpaese.info\/index.php\/wp-json\/wp\/v2\/pages\/607\/revisions\/608"}],"wp:attachment":[{"href":"https:\/\/gioia.lavocedelpaese.info\/index.php\/wp-json\/wp\/v2\/media?parent=607"}],"curies":[{"name":"wp","href":"https:\/\/api.w.org\/{rel}","templated":true}]}}